{"id":279,"date":"2019-09-11T08:05:16","date_gmt":"2019-09-11T08:05:16","guid":{"rendered":"http:\/\/foodmood.wgl-demo.net\/?page_id=279"},"modified":"2023-07-25T07:10:51","modified_gmt":"2023-07-25T07:10:51","slug":"grid-4-columns","status":"publish","type":"page","link":"https:\/\/birrayart.com\/index.php\/grid-4-columns\/","title":{"rendered":"Festivales Birra&#038;Art"},"content":{"rendered":"\t\t<div data-elementor-type=\"wp-post\" data-elementor-id=\"279\" class=\"elementor elementor-279\" data-elementor-settings=\"[]\">\n\t\t\t\t\t\t<div class=\"elementor-inner\">\n\t\t\t\t\t\t\t<div class=\"elementor-section-wrap\">\n\t\t\t\t\t\t\t<section class=\"elementor-section elementor-top-section elementor-element elementor-element-28bda19 elementor-section-full_width elementor-section-height-default elementor-section-height-default\" data-id=\"28bda19\" data-element_type=\"section\">\n\t\t\t\t\t\t<div class=\"elementor-container elementor-column-gap-wider\">\n\t\t\t\t\t\t\t<div class=\"elementor-row\">\n\t\t\t\t\t<div class=\"elementor-column elementor-col-100 elementor-top-column elementor-element elementor-element-f2522f4\" data-id=\"f2522f4\" data-element_type=\"column\">\n\t\t\t<div class=\"elementor-column-wrap elementor-element-populated\">\n\t\t\t\t\t\t\t<div class=\"elementor-widget-wrap\">\n\t\t\t\t\t\t<div class=\"elementor-element elementor-element-f129bcc elementor-widget elementor-widget-shortcode\" data-id=\"f129bcc\" data-element_type=\"widget\" data-widget_type=\"shortcode.default\">\n\t\t\t\t<div class=\"elementor-widget-container\">\n\t\t\t\t\t<div class=\"elementor-shortcode\">\n<div id=\"sb_instagram\"  class=\"sbi sbi_mob_col_1 sbi_tab_col_2 sbi_col_3\" style=\"padding-bottom: 10px; width: 100%;\"\t data-feedid=\"*1\"  data-res=\"auto\" data-cols=\"3\" data-colsmobile=\"1\" data-colstablet=\"2\" data-num=\"6\" data-nummobile=\"\" data-item-padding=\"5\"\t data-shortcode-atts=\"{&quot;feed&quot;:&quot;1&quot;}\"  data-postid=\"279\" data-locatornonce=\"83810f53ed\" data-imageaspectratio=\"1:1\" data-sbi-flags=\"favorLocal\">\n\t\n\t<div id=\"sbi_images\"  style=\"gap: 10px;\">\n\t\t<div class=\"sbi_item sbi_type_carousel sbi_new sbi_transition\"\n\tid=\"sbi_17965057160388406\" data-date=\"1690201820\">\n\t<div class=\"sbi_photo_wrap\">\n\t\t<a class=\"sbi_photo\" href=\"https:\/\/www.instagram.com\/p\/CvFIXuKozJ7\/\" target=\"_blank\" rel=\"noopener nofollow\"\n\t\t\tdata-full-res=\"https:\/\/scontent.cdninstagram.com\/v\/t39.30808-6\/356197707_605024078413910_36854777839049635_n.jpg?_nc_cat=108&#038;ccb=1-7&#038;_nc_sid=8ae9d6&#038;_nc_ohc=76oNoTNdPYcAX_UjgJr&#038;_nc_ht=scontent.cdninstagram.com&#038;edm=ANo9K5cEAAAA&#038;oh=00_AfC6rwQSyu3jDjdNClF0frg8m4i1U8d8x2ujHOLZOZ-nYA&#038;oe=64C51B3A\"\n\t\t\tdata-img-src-set=\"{&quot;d&quot;:&quot;https:\\\/\\\/scontent.cdninstagram.com\\\/v\\\/t39.30808-6\\\/356197707_605024078413910_36854777839049635_n.jpg?_nc_cat=108&amp;ccb=1-7&amp;_nc_sid=8ae9d6&amp;_nc_ohc=76oNoTNdPYcAX_UjgJr&amp;_nc_ht=scontent.cdninstagram.com&amp;edm=ANo9K5cEAAAA&amp;oh=00_AfC6rwQSyu3jDjdNClF0frg8m4i1U8d8x2ujHOLZOZ-nYA&amp;oe=64C51B3A&quot;,&quot;150&quot;:&quot;https:\\\/\\\/scontent.cdninstagram.com\\\/v\\\/t39.30808-6\\\/356197707_605024078413910_36854777839049635_n.jpg?_nc_cat=108&amp;ccb=1-7&amp;_nc_sid=8ae9d6&amp;_nc_ohc=76oNoTNdPYcAX_UjgJr&amp;_nc_ht=scontent.cdninstagram.com&amp;edm=ANo9K5cEAAAA&amp;oh=00_AfC6rwQSyu3jDjdNClF0frg8m4i1U8d8x2ujHOLZOZ-nYA&amp;oe=64C51B3A&quot;,&quot;320&quot;:&quot;https:\\\/\\\/scontent.cdninstagram.com\\\/v\\\/t39.30808-6\\\/356197707_605024078413910_36854777839049635_n.jpg?_nc_cat=108&amp;ccb=1-7&amp;_nc_sid=8ae9d6&amp;_nc_ohc=76oNoTNdPYcAX_UjgJr&amp;_nc_ht=scontent.cdninstagram.com&amp;edm=ANo9K5cEAAAA&amp;oh=00_AfC6rwQSyu3jDjdNClF0frg8m4i1U8d8x2ujHOLZOZ-nYA&amp;oe=64C51B3A&quot;,&quot;640&quot;:&quot;https:\\\/\\\/scontent.cdninstagram.com\\\/v\\\/t39.30808-6\\\/356197707_605024078413910_36854777839049635_n.jpg?_nc_cat=108&amp;ccb=1-7&amp;_nc_sid=8ae9d6&amp;_nc_ohc=76oNoTNdPYcAX_UjgJr&amp;_nc_ht=scontent.cdninstagram.com&amp;edm=ANo9K5cEAAAA&amp;oh=00_AfC6rwQSyu3jDjdNClF0frg8m4i1U8d8x2ujHOLZOZ-nYA&amp;oe=64C51B3A&quot;}\">\n\t\t\t<span class=\"sbi-screenreader\">\u00a1A\u00fan queda mucho verano y a\u00fan queda mucho Rivie<\/span>\n\t\t\t<svg class=\"svg-inline--fa fa-clone fa-w-16 sbi_lightbox_carousel_icon\" aria-hidden=\"true\" aria-label=\"Clone\" data-fa-pro\u0192cessed=\"\" data-prefix=\"far\" data-icon=\"clone\" role=\"img\" xmlns=\"http:\/\/www.w3.org\/2000\/svg\" viewBox=\"0 0 512 512\">\n                    <path fill=\"currentColor\" d=\"M464 0H144c-26.51 0-48 21.49-48 48v48H48c-26.51 0-48 21.49-48 48v320c0 26.51 21.49 48 48 48h320c26.51 0 48-21.49 48-48v-48h48c26.51 0 48-21.49 48-48V48c0-26.51-21.49-48-48-48zM362 464H54a6 6 0 0 1-6-6V150a6 6 0 0 1 6-6h42v224c0 26.51 21.49 48 48 48h224v42a6 6 0 0 1-6 6zm96-96H150a6 6 0 0 1-6-6V54a6 6 0 0 1 6-6h308a6 6 0 0 1 6 6v308a6 6 0 0 1-6 6z\"><\/path>\n                <\/svg>\t\t\t\t\t\t<img decoding=\"async\" src=\"https:\/\/birrayart.com\/wp-content\/plugins\/instagram-feed\/img\/placeholder.png\" alt=\"\u00a1A\u00fan queda mucho verano y a\u00fan queda mucho Riviera! \ud83e\udd73\n\nY estos son los pedazos de artistas que pod\u00e9is disfrutar si os pas\u00e1is por Riviera del Sol a disfrutar de nuestras noches de festival.\n\nDisfruta de las noches del Riviera, te esperamos.\n\n#birraart #AmanteDeLaCerveza #MomentoCervecero #DisfrutaElSabor #co\u00edn #Co\u00edn #ValledelGuadalhorce #sorteo #alhaurindelatorre #Alhaur\u00ednElGrande #rivierabeergarden\" aria-hidden=\"true\">\n\t\t<\/a>\n\t<\/div>\n<\/div><div class=\"sbi_item sbi_type_carousel sbi_new sbi_transition\"\n\tid=\"sbi_17963835092535775\" data-date=\"1689937223\">\n\t<div class=\"sbi_photo_wrap\">\n\t\t<a class=\"sbi_photo\" href=\"https:\/\/www.instagram.com\/p\/Cu9PsPqotgm\/\" target=\"_blank\" rel=\"noopener nofollow\"\n\t\t\tdata-full-res=\"https:\/\/scontent.cdninstagram.com\/v\/t39.30808-6\/350116883_605019215081063_654806442306012453_n.jpg?_nc_cat=106&#038;ccb=1-7&#038;_nc_sid=8ae9d6&#038;_nc_ohc=E-_v0i8ShdkAX-YAx73&#038;_nc_ht=scontent.cdninstagram.com&#038;edm=ANo9K5cEAAAA&#038;oh=00_AfCL40SoFUXZFfdFgXBT4mWc6CBge9P2CmGFAXi0Dw9rOg&#038;oe=64C44098\"\n\t\t\tdata-img-src-set=\"{&quot;d&quot;:&quot;https:\\\/\\\/scontent.cdninstagram.com\\\/v\\\/t39.30808-6\\\/350116883_605019215081063_654806442306012453_n.jpg?_nc_cat=106&amp;ccb=1-7&amp;_nc_sid=8ae9d6&amp;_nc_ohc=E-_v0i8ShdkAX-YAx73&amp;_nc_ht=scontent.cdninstagram.com&amp;edm=ANo9K5cEAAAA&amp;oh=00_AfCL40SoFUXZFfdFgXBT4mWc6CBge9P2CmGFAXi0Dw9rOg&amp;oe=64C44098&quot;,&quot;150&quot;:&quot;https:\\\/\\\/scontent.cdninstagram.com\\\/v\\\/t39.30808-6\\\/350116883_605019215081063_654806442306012453_n.jpg?_nc_cat=106&amp;ccb=1-7&amp;_nc_sid=8ae9d6&amp;_nc_ohc=E-_v0i8ShdkAX-YAx73&amp;_nc_ht=scontent.cdninstagram.com&amp;edm=ANo9K5cEAAAA&amp;oh=00_AfCL40SoFUXZFfdFgXBT4mWc6CBge9P2CmGFAXi0Dw9rOg&amp;oe=64C44098&quot;,&quot;320&quot;:&quot;https:\\\/\\\/scontent.cdninstagram.com\\\/v\\\/t39.30808-6\\\/350116883_605019215081063_654806442306012453_n.jpg?_nc_cat=106&amp;ccb=1-7&amp;_nc_sid=8ae9d6&amp;_nc_ohc=E-_v0i8ShdkAX-YAx73&amp;_nc_ht=scontent.cdninstagram.com&amp;edm=ANo9K5cEAAAA&amp;oh=00_AfCL40SoFUXZFfdFgXBT4mWc6CBge9P2CmGFAXi0Dw9rOg&amp;oe=64C44098&quot;,&quot;640&quot;:&quot;https:\\\/\\\/scontent.cdninstagram.com\\\/v\\\/t39.30808-6\\\/350116883_605019215081063_654806442306012453_n.jpg?_nc_cat=106&amp;ccb=1-7&amp;_nc_sid=8ae9d6&amp;_nc_ohc=E-_v0i8ShdkAX-YAx73&amp;_nc_ht=scontent.cdninstagram.com&amp;edm=ANo9K5cEAAAA&amp;oh=00_AfCL40SoFUXZFfdFgXBT4mWc6CBge9P2CmGFAXi0Dw9rOg&amp;oe=64C44098&quot;}\">\n\t\t\t<span class=\"sbi-screenreader\">\u00bfDisfrutaste anoche del impresionante ambiente?\n\n<\/span>\n\t\t\t<svg class=\"svg-inline--fa fa-clone fa-w-16 sbi_lightbox_carousel_icon\" aria-hidden=\"true\" aria-label=\"Clone\" data-fa-pro\u0192cessed=\"\" data-prefix=\"far\" data-icon=\"clone\" role=\"img\" xmlns=\"http:\/\/www.w3.org\/2000\/svg\" viewBox=\"0 0 512 512\">\n                    <path fill=\"currentColor\" d=\"M464 0H144c-26.51 0-48 21.49-48 48v48H48c-26.51 0-48 21.49-48 48v320c0 26.51 21.49 48 48 48h320c26.51 0 48-21.49 48-48v-48h48c26.51 0 48-21.49 48-48V48c0-26.51-21.49-48-48-48zM362 464H54a6 6 0 0 1-6-6V150a6 6 0 0 1 6-6h42v224c0 26.51 21.49 48 48 48h224v42a6 6 0 0 1-6 6zm96-96H150a6 6 0 0 1-6-6V54a6 6 0 0 1 6-6h308a6 6 0 0 1 6 6v308a6 6 0 0 1-6 6z\"><\/path>\n                <\/svg>\t\t\t\t\t\t<img decoding=\"async\" src=\"https:\/\/birrayart.com\/wp-content\/plugins\/instagram-feed\/img\/placeholder.png\" alt=\"\u00bfDisfrutaste anoche del impresionante ambiente?\n\nPues esto s\u00f3lo acaba de empezar... Queremos que este finde sea el mejor del a\u00f1o en Benalm\u00e1dena y queremos que lo disfrutes al m\u00e1ximo.\n\n\u00a1Disfrutonas, disfrutones! Es nuestro momento.\n\n\u00a1No puedes faltar! \ud83d\udccd Recinto Ferial de los Nadales Benalm\u00e1dena pueblo, a partir del jueves 20 de julio.\n\n#birraart #AmanteDeLaCerveza #MomentoCervecero #DisfrutaElSabor #cervezafria #cervezalacibeles #cervezatablada #cervezalachouffe #cervezaslapolitica #benalmadenacosta #BenalmadenaBeach #benalmadenapueblo #BenalmadenaMarina\" aria-hidden=\"true\">\n\t\t<\/a>\n\t<\/div>\n<\/div><div class=\"sbi_item sbi_type_carousel sbi_new sbi_transition\"\n\tid=\"sbi_18013293976708571\" data-date=\"1689764422\">\n\t<div class=\"sbi_photo_wrap\">\n\t\t<a class=\"sbi_photo\" href=\"https:\/\/www.instagram.com\/p\/Cu4GGX7KBYJ\/\" target=\"_blank\" rel=\"noopener nofollow\"\n\t\t\tdata-full-res=\"https:\/\/scontent.cdninstagram.com\/v\/t39.30808-6\/348325281_604054978510820_674977963228911894_n.jpg?_nc_cat=106&#038;ccb=1-7&#038;_nc_sid=8ae9d6&#038;_nc_ohc=tElkJVQU8qgAX-AdT99&#038;_nc_ht=scontent.cdninstagram.com&#038;edm=ANo9K5cEAAAA&#038;oh=00_AfDWDhV2icW4Jse9JG6k3LFKgXEje4J7l0Mt5aSlwVW20w&#038;oe=64C3C9D7\"\n\t\t\tdata-img-src-set=\"{&quot;d&quot;:&quot;https:\\\/\\\/scontent.cdninstagram.com\\\/v\\\/t39.30808-6\\\/348325281_604054978510820_674977963228911894_n.jpg?_nc_cat=106&amp;ccb=1-7&amp;_nc_sid=8ae9d6&amp;_nc_ohc=tElkJVQU8qgAX-AdT99&amp;_nc_ht=scontent.cdninstagram.com&amp;edm=ANo9K5cEAAAA&amp;oh=00_AfDWDhV2icW4Jse9JG6k3LFKgXEje4J7l0Mt5aSlwVW20w&amp;oe=64C3C9D7&quot;,&quot;150&quot;:&quot;https:\\\/\\\/scontent.cdninstagram.com\\\/v\\\/t39.30808-6\\\/348325281_604054978510820_674977963228911894_n.jpg?_nc_cat=106&amp;ccb=1-7&amp;_nc_sid=8ae9d6&amp;_nc_ohc=tElkJVQU8qgAX-AdT99&amp;_nc_ht=scontent.cdninstagram.com&amp;edm=ANo9K5cEAAAA&amp;oh=00_AfDWDhV2icW4Jse9JG6k3LFKgXEje4J7l0Mt5aSlwVW20w&amp;oe=64C3C9D7&quot;,&quot;320&quot;:&quot;https:\\\/\\\/scontent.cdninstagram.com\\\/v\\\/t39.30808-6\\\/348325281_604054978510820_674977963228911894_n.jpg?_nc_cat=106&amp;ccb=1-7&amp;_nc_sid=8ae9d6&amp;_nc_ohc=tElkJVQU8qgAX-AdT99&amp;_nc_ht=scontent.cdninstagram.com&amp;edm=ANo9K5cEAAAA&amp;oh=00_AfDWDhV2icW4Jse9JG6k3LFKgXEje4J7l0Mt5aSlwVW20w&amp;oe=64C3C9D7&quot;,&quot;640&quot;:&quot;https:\\\/\\\/scontent.cdninstagram.com\\\/v\\\/t39.30808-6\\\/348325281_604054978510820_674977963228911894_n.jpg?_nc_cat=106&amp;ccb=1-7&amp;_nc_sid=8ae9d6&amp;_nc_ohc=tElkJVQU8qgAX-AdT99&amp;_nc_ht=scontent.cdninstagram.com&amp;edm=ANo9K5cEAAAA&amp;oh=00_AfDWDhV2icW4Jse9JG6k3LFKgXEje4J7l0Mt5aSlwVW20w&amp;oe=64C3C9D7&quot;}\">\n\t\t\t<span class=\"sbi-screenreader\">\u00a1Quiero vivir en un festival para siempre! \ud83e\udd23\n\n<\/span>\n\t\t\t<svg class=\"svg-inline--fa fa-clone fa-w-16 sbi_lightbox_carousel_icon\" aria-hidden=\"true\" aria-label=\"Clone\" data-fa-pro\u0192cessed=\"\" data-prefix=\"far\" data-icon=\"clone\" role=\"img\" xmlns=\"http:\/\/www.w3.org\/2000\/svg\" viewBox=\"0 0 512 512\">\n                    <path fill=\"currentColor\" d=\"M464 0H144c-26.51 0-48 21.49-48 48v48H48c-26.51 0-48 21.49-48 48v320c0 26.51 21.49 48 48 48h320c26.51 0 48-21.49 48-48v-48h48c26.51 0 48-21.49 48-48V48c0-26.51-21.49-48-48-48zM362 464H54a6 6 0 0 1-6-6V150a6 6 0 0 1 6-6h42v224c0 26.51 21.49 48 48 48h224v42a6 6 0 0 1-6 6zm96-96H150a6 6 0 0 1-6-6V54a6 6 0 0 1 6-6h308a6 6 0 0 1 6 6v308a6 6 0 0 1-6 6z\"><\/path>\n                <\/svg>\t\t\t\t\t\t<img decoding=\"async\" src=\"https:\/\/birrayart.com\/wp-content\/plugins\/instagram-feed\/img\/placeholder.png\" alt=\"\u00a1Quiero vivir en un festival para siempre! \ud83e\udd23\n\nTe esperamos a partir de ma\u00f1ana en Benalm\u00e1dena para pasar un buen rato.\n\nY mira lo que te vas a encontrar. \ud83d\ude33\ud83d\ude1c\n\n\u00a1Disfrutonas, disfrutones!  Es nuestro momento.\n\n\u00a1No puedes faltar! \ud83d\udccd Recinto Ferial de los Nadales Benalm\u00e1dena pueblo, a partir del jueves 20 de julio.\n\n#birraart #AmanteDeLaCerveza #MomentoCervecero #DisfrutaElSabor #cervezafria #cervezalacibeles #cervezatablada #cervezalachouffe #cervezaslapolitica #benalmadenacosta #BenalmadenaBeach #benalmadenapueblo #BenalmadenaMarina\" aria-hidden=\"true\">\n\t\t<\/a>\n\t<\/div>\n<\/div><div class=\"sbi_item sbi_type_image sbi_new sbi_transition\"\n\tid=\"sbi_17906514464730760\" data-date=\"1689600327\">\n\t<div class=\"sbi_photo_wrap\">\n\t\t<a class=\"sbi_photo\" href=\"https:\/\/www.instagram.com\/p\/CuzNHGOKbiO\/\" target=\"_blank\" rel=\"noopener nofollow\"\n\t\t\tdata-full-res=\"https:\/\/scontent.cdninstagram.com\/v\/t39.30808-6\/347621213_603538941895757_2571778551144882255_n.jpg?_nc_cat=104&#038;ccb=1-7&#038;_nc_sid=8ae9d6&#038;_nc_ohc=NaJ_yjudZRkAX-1hrED&#038;_nc_ht=scontent.cdninstagram.com&#038;edm=ANo9K5cEAAAA&#038;oh=00_AfA5mdLVToX4DjyI7JOLcwfvu1SwvdYEMotOdnHWd5rNVQ&#038;oe=64C53337\"\n\t\t\tdata-img-src-set=\"{&quot;d&quot;:&quot;https:\\\/\\\/scontent.cdninstagram.com\\\/v\\\/t39.30808-6\\\/347621213_603538941895757_2571778551144882255_n.jpg?_nc_cat=104&amp;ccb=1-7&amp;_nc_sid=8ae9d6&amp;_nc_ohc=NaJ_yjudZRkAX-1hrED&amp;_nc_ht=scontent.cdninstagram.com&amp;edm=ANo9K5cEAAAA&amp;oh=00_AfA5mdLVToX4DjyI7JOLcwfvu1SwvdYEMotOdnHWd5rNVQ&amp;oe=64C53337&quot;,&quot;150&quot;:&quot;https:\\\/\\\/scontent.cdninstagram.com\\\/v\\\/t39.30808-6\\\/347621213_603538941895757_2571778551144882255_n.jpg?_nc_cat=104&amp;ccb=1-7&amp;_nc_sid=8ae9d6&amp;_nc_ohc=NaJ_yjudZRkAX-1hrED&amp;_nc_ht=scontent.cdninstagram.com&amp;edm=ANo9K5cEAAAA&amp;oh=00_AfA5mdLVToX4DjyI7JOLcwfvu1SwvdYEMotOdnHWd5rNVQ&amp;oe=64C53337&quot;,&quot;320&quot;:&quot;https:\\\/\\\/scontent.cdninstagram.com\\\/v\\\/t39.30808-6\\\/347621213_603538941895757_2571778551144882255_n.jpg?_nc_cat=104&amp;ccb=1-7&amp;_nc_sid=8ae9d6&amp;_nc_ohc=NaJ_yjudZRkAX-1hrED&amp;_nc_ht=scontent.cdninstagram.com&amp;edm=ANo9K5cEAAAA&amp;oh=00_AfA5mdLVToX4DjyI7JOLcwfvu1SwvdYEMotOdnHWd5rNVQ&amp;oe=64C53337&quot;,&quot;640&quot;:&quot;https:\\\/\\\/scontent.cdninstagram.com\\\/v\\\/t39.30808-6\\\/347621213_603538941895757_2571778551144882255_n.jpg?_nc_cat=104&amp;ccb=1-7&amp;_nc_sid=8ae9d6&amp;_nc_ohc=NaJ_yjudZRkAX-1hrED&amp;_nc_ht=scontent.cdninstagram.com&amp;edm=ANo9K5cEAAAA&amp;oh=00_AfA5mdLVToX4DjyI7JOLcwfvu1SwvdYEMotOdnHWd5rNVQ&amp;oe=64C53337&quot;}\">\n\t\t\t<span class=\"sbi-screenreader\">\u00a1Cerveza es la respuesta! \u2026Perdona, pero no rec<\/span>\n\t\t\t\t\t\t\t\t\t<img decoding=\"async\" src=\"https:\/\/birrayart.com\/wp-content\/plugins\/instagram-feed\/img\/placeholder.png\" alt=\"\u00a1Cerveza es la respuesta! \u2026Perdona, pero no recuerdo la pregunta \ud83e\udd14\n\nLas noches de verano son para degustar una cerveza bien fr\u00eda, m\u00fasica en directo y pasear por un mercadillo artesano.\n\n\u00bfY eso qui\u00e9n te lo da?  El Riviera Beer Garden, por supuesto. \ud83d\ude1c\n\nP\u00e1sate, te esperamos. \n\n#birraart #AmanteDeLaCerveza #MomentoCervecero #DisfrutaElSabor #co\u00edn #Co\u00edn #ValledelGuadalhorce #sorteo #alhaurindelatorre #Alhaur\u00ednElGrande #rivierabeergarden\" aria-hidden=\"true\">\n\t\t<\/a>\n\t<\/div>\n<\/div><div class=\"sbi_item sbi_type_image sbi_new sbi_transition\"\n\tid=\"sbi_18010287769780129\" data-date=\"1689591616\">\n\t<div class=\"sbi_photo_wrap\">\n\t\t<a class=\"sbi_photo\" href=\"https:\/\/www.instagram.com\/p\/Cuy8fz5IHDV\/\" target=\"_blank\" rel=\"noopener nofollow\"\n\t\t\tdata-full-res=\"https:\/\/scontent.cdninstagram.com\/v\/t39.30808-6\/348632323_603429738573344_3442245215190152434_n.jpg?_nc_cat=106&#038;ccb=1-7&#038;_nc_sid=8ae9d6&#038;_nc_ohc=8ExbaBPelgAAX8kqwjp&#038;_nc_ht=scontent.cdninstagram.com&#038;edm=ANo9K5cEAAAA&#038;oh=00_AfAYLcTiVzerjUuzDoOYXiwbOk6S6l9j5N4Askq-JOajUg&#038;oe=64C41051\"\n\t\t\tdata-img-src-set=\"{&quot;d&quot;:&quot;https:\\\/\\\/scontent.cdninstagram.com\\\/v\\\/t39.30808-6\\\/348632323_603429738573344_3442245215190152434_n.jpg?_nc_cat=106&amp;ccb=1-7&amp;_nc_sid=8ae9d6&amp;_nc_ohc=8ExbaBPelgAAX8kqwjp&amp;_nc_ht=scontent.cdninstagram.com&amp;edm=ANo9K5cEAAAA&amp;oh=00_AfAYLcTiVzerjUuzDoOYXiwbOk6S6l9j5N4Askq-JOajUg&amp;oe=64C41051&quot;,&quot;150&quot;:&quot;https:\\\/\\\/scontent.cdninstagram.com\\\/v\\\/t39.30808-6\\\/348632323_603429738573344_3442245215190152434_n.jpg?_nc_cat=106&amp;ccb=1-7&amp;_nc_sid=8ae9d6&amp;_nc_ohc=8ExbaBPelgAAX8kqwjp&amp;_nc_ht=scontent.cdninstagram.com&amp;edm=ANo9K5cEAAAA&amp;oh=00_AfAYLcTiVzerjUuzDoOYXiwbOk6S6l9j5N4Askq-JOajUg&amp;oe=64C41051&quot;,&quot;320&quot;:&quot;https:\\\/\\\/scontent.cdninstagram.com\\\/v\\\/t39.30808-6\\\/348632323_603429738573344_3442245215190152434_n.jpg?_nc_cat=106&amp;ccb=1-7&amp;_nc_sid=8ae9d6&amp;_nc_ohc=8ExbaBPelgAAX8kqwjp&amp;_nc_ht=scontent.cdninstagram.com&amp;edm=ANo9K5cEAAAA&amp;oh=00_AfAYLcTiVzerjUuzDoOYXiwbOk6S6l9j5N4Askq-JOajUg&amp;oe=64C41051&quot;,&quot;640&quot;:&quot;https:\\\/\\\/scontent.cdninstagram.com\\\/v\\\/t39.30808-6\\\/348632323_603429738573344_3442245215190152434_n.jpg?_nc_cat=106&amp;ccb=1-7&amp;_nc_sid=8ae9d6&amp;_nc_ohc=8ExbaBPelgAAX8kqwjp&amp;_nc_ht=scontent.cdninstagram.com&amp;edm=ANo9K5cEAAAA&amp;oh=00_AfAYLcTiVzerjUuzDoOYXiwbOk6S6l9j5N4Askq-JOajUg&amp;oe=64C41051&quot;}\">\n\t\t\t<span class=\"sbi-screenreader\">\u00a1Atenci\u00f3n! \u00a1Sorteo a la vista!\n\nDisfruta de 2 p<\/span>\n\t\t\t\t\t\t\t\t\t<img decoding=\"async\" src=\"https:\/\/birrayart.com\/wp-content\/plugins\/instagram-feed\/img\/placeholder.png\" alt=\"\u00a1Atenci\u00f3n! \u00a1Sorteo a la vista!\n\nDisfruta de 2 pintas + 2 salchichas alemanas GRATIS en el Festival Birra y Art de Benalm\u00e1dena. \ud83d\ude0e \u00a1Participa!\n\n\u00bfY que tienes que hacer? \ud83e\udd13\n\n1\ufe0f\u20e3 Da &quot;me gusta&quot; a nuestra p\u00e1gina de Facebook &quot;Birra&amp;Art&quot;\n\n2\ufe0f\u20e3 Menciona en comentarios a dos amigos que quieran participar\n\n3\ufe0f\u20e3 Comparte esta publicaci\u00f3n en tu muro\n\nEl viernes d\u00eda 21 de julio anunciaremos al GANADOR\/A en nuestros perfiles para que pod\u00e1is disfrutarlas este finde en Benalm\u00e1dena.\n\n**RECUERDA solamente anunciaremos al ganador en nuestro perfil, y en ning\u00fan caso solicitaremos datos personales o bancarios.\n\n#birraart #AmanteDeLaCerveza #MomentoCervecero #DisfrutaElSabor #ValledelGuadalhorce #sorteo #Benalmadena #benalmadenacosta #benalmadenapueblo #festivales #festival2023\" aria-hidden=\"true\">\n\t\t<\/a>\n\t<\/div>\n<\/div><div class=\"sbi_item sbi_type_carousel sbi_new sbi_transition\"\n\tid=\"sbi_18010315066778699\" data-date=\"1689346823\">\n\t<div class=\"sbi_photo_wrap\">\n\t\t<a class=\"sbi_photo\" href=\"https:\/\/www.instagram.com\/p\/Curpl9RK9zU\/\" target=\"_blank\" rel=\"noopener nofollow\"\n\t\t\tdata-full-res=\"https:\/\/scontent.cdninstagram.com\/v\/t39.30808-6\/347588466_601068765476108_768596844879606066_n.jpg?_nc_cat=110&#038;ccb=1-7&#038;_nc_sid=8ae9d6&#038;_nc_ohc=Y37uUHAevBMAX9jZOL0&#038;_nc_ht=scontent.cdninstagram.com&#038;edm=ANo9K5cEAAAA&#038;oh=00_AfD3rs6ETJlgqdbECDKeiwJATItPfYBQTm4FgO8Q9z_HJg&#038;oe=64C40B45\"\n\t\t\tdata-img-src-set=\"{&quot;d&quot;:&quot;https:\\\/\\\/scontent.cdninstagram.com\\\/v\\\/t39.30808-6\\\/347588466_601068765476108_768596844879606066_n.jpg?_nc_cat=110&amp;ccb=1-7&amp;_nc_sid=8ae9d6&amp;_nc_ohc=Y37uUHAevBMAX9jZOL0&amp;_nc_ht=scontent.cdninstagram.com&amp;edm=ANo9K5cEAAAA&amp;oh=00_AfD3rs6ETJlgqdbECDKeiwJATItPfYBQTm4FgO8Q9z_HJg&amp;oe=64C40B45&quot;,&quot;150&quot;:&quot;https:\\\/\\\/scontent.cdninstagram.com\\\/v\\\/t39.30808-6\\\/347588466_601068765476108_768596844879606066_n.jpg?_nc_cat=110&amp;ccb=1-7&amp;_nc_sid=8ae9d6&amp;_nc_ohc=Y37uUHAevBMAX9jZOL0&amp;_nc_ht=scontent.cdninstagram.com&amp;edm=ANo9K5cEAAAA&amp;oh=00_AfD3rs6ETJlgqdbECDKeiwJATItPfYBQTm4FgO8Q9z_HJg&amp;oe=64C40B45&quot;,&quot;320&quot;:&quot;https:\\\/\\\/scontent.cdninstagram.com\\\/v\\\/t39.30808-6\\\/347588466_601068765476108_768596844879606066_n.jpg?_nc_cat=110&amp;ccb=1-7&amp;_nc_sid=8ae9d6&amp;_nc_ohc=Y37uUHAevBMAX9jZOL0&amp;_nc_ht=scontent.cdninstagram.com&amp;edm=ANo9K5cEAAAA&amp;oh=00_AfD3rs6ETJlgqdbECDKeiwJATItPfYBQTm4FgO8Q9z_HJg&amp;oe=64C40B45&quot;,&quot;640&quot;:&quot;https:\\\/\\\/scontent.cdninstagram.com\\\/v\\\/t39.30808-6\\\/347588466_601068765476108_768596844879606066_n.jpg?_nc_cat=110&amp;ccb=1-7&amp;_nc_sid=8ae9d6&amp;_nc_ohc=Y37uUHAevBMAX9jZOL0&amp;_nc_ht=scontent.cdninstagram.com&amp;edm=ANo9K5cEAAAA&amp;oh=00_AfD3rs6ETJlgqdbECDKeiwJATItPfYBQTm4FgO8Q9z_HJg&amp;oe=64C40B45&quot;}\">\n\t\t\t<span class=\"sbi-screenreader\">\u00a1Ag\u00e1rrate que arrancamos! \ud83d\ude43\n\n- 19:30, degusta<\/span>\n\t\t\t<svg class=\"svg-inline--fa fa-clone fa-w-16 sbi_lightbox_carousel_icon\" aria-hidden=\"true\" aria-label=\"Clone\" data-fa-pro\u0192cessed=\"\" data-prefix=\"far\" data-icon=\"clone\" role=\"img\" xmlns=\"http:\/\/www.w3.org\/2000\/svg\" viewBox=\"0 0 512 512\">\n                    <path fill=\"currentColor\" d=\"M464 0H144c-26.51 0-48 21.49-48 48v48H48c-26.51 0-48 21.49-48 48v320c0 26.51 21.49 48 48 48h320c26.51 0 48-21.49 48-48v-48h48c26.51 0 48-21.49 48-48V48c0-26.51-21.49-48-48-48zM362 464H54a6 6 0 0 1-6-6V150a6 6 0 0 1 6-6h42v224c0 26.51 21.49 48 48 48h224v42a6 6 0 0 1-6 6zm96-96H150a6 6 0 0 1-6-6V54a6 6 0 0 1 6-6h308a6 6 0 0 1 6 6v308a6 6 0 0 1-6 6z\"><\/path>\n                <\/svg>\t\t\t\t\t\t<img decoding=\"async\" src=\"https:\/\/birrayart.com\/wp-content\/plugins\/instagram-feed\/img\/placeholder.png\" alt=\"\u00a1Ag\u00e1rrate que arrancamos! \ud83d\ude43\n\n- 19:30, degustaci\u00f3n gratuita de todas las cervezas presentes en el festival, y presentaci\u00f3n de la cerveza la Trinitaria. \ud83c\udf7b\n\n- 21:00 New Tricks amenizar\u00e1 la noche con sus \u00e9xitos. \ud83e\udd1f\n\n- 23:00 Radio 80 nos llevar\u00e1 en un viaje en el tiempo con las mejores versiones de los 80. \ud83e\udd70\n\nTe esperamos.\n\n\ud83d\udccd Plaza Alameda de Co\u00edn, a partir de hoy.\n\n#birraart #AmanteDeLaCerveza #MomentoCervecero #DisfrutaElSabor #co\u00edn #cervezafria #cervezaguinnes #cervezalacibeles #cervezapaulaner #cervezatrinitaria\" aria-hidden=\"true\">\n\t\t<\/a>\n\t<\/div>\n<\/div>\t<\/div>\n\n\t<div id=\"sbi_load\" >\n\n\t\t\t<button class=\"sbi_load_btn\"\n\t\t\ttype=\"button\" >\n\t\t\t<span class=\"sbi_btn_text\" >Cargar m\u00e1s...<\/span>\n\t\t\t<span class=\"sbi_loader sbi_hidden\" style=\"background-color: rgb(255, 255, 255);\" aria-hidden=\"true\"><\/span>\n\t\t<\/button>\n\t\n\t\t\t<span class=\"sbi_follow_btn\" >\n\t\t\t<a target=\"_blank\"\n\t\t\t\trel=\"nofollow noopener\"  href=\"https:\/\/www.instagram.com\/birrayart\/\">\n\t\t\t\t<svg class=\"svg-inline--fa fa-instagram fa-w-14\" aria-hidden=\"true\" data-fa-processed=\"\" aria-label=\"Instagram\" data-prefix=\"fab\" data-icon=\"instagram\" role=\"img\" viewBox=\"0 0 448 512\">\n                    <path fill=\"currentColor\" d=\"M224.1 141c-63.6 0-114.9 51.3-114.9 114.9s51.3 114.9 114.9 114.9S339 319.5 339 255.9 287.7 141 224.1 141zm0 189.6c-41.1 0-74.7-33.5-74.7-74.7s33.5-74.7 74.7-74.7 74.7 33.5 74.7 74.7-33.6 74.7-74.7 74.7zm146.4-194.3c0 14.9-12 26.8-26.8 26.8-14.9 0-26.8-12-26.8-26.8s12-26.8 26.8-26.8 26.8 12 26.8 26.8zm76.1 27.2c-1.7-35.9-9.9-67.7-36.2-93.9-26.2-26.2-58-34.4-93.9-36.2-37-2.1-147.9-2.1-184.9 0-35.8 1.7-67.6 9.9-93.9 36.1s-34.4 58-36.2 93.9c-2.1 37-2.1 147.9 0 184.9 1.7 35.9 9.9 67.7 36.2 93.9s58 34.4 93.9 36.2c37 2.1 147.9 2.1 184.9 0 35.9-1.7 67.7-9.9 93.9-36.2 26.2-26.2 34.4-58 36.2-93.9 2.1-37 2.1-147.8 0-184.8zM398.8 388c-7.8 19.6-22.9 34.7-42.6 42.6-29.5 11.7-99.5 9-132.1 9s-102.7 2.6-132.1-9c-19.6-7.8-34.7-22.9-42.6-42.6-11.7-29.5-9-99.5-9-132.1s-2.6-102.7 9-132.1c7.8-19.6 22.9-34.7 42.6-42.6 29.5-11.7 99.5-9 132.1-9s102.7-2.6 132.1 9c19.6 7.8 34.7 22.9 42.6 42.6 11.7 29.5 9 99.5 9 132.1s2.7 102.7-9 132.1z\"><\/path>\n                <\/svg>\t\t\t\t<span>S\u00edguenos en Instagram<\/span>\n\t\t\t<\/a>\n\t\t<\/span>\n\t\n<\/div>\n\t\t<span class=\"sbi_resized_image_data\" data-feed-id=\"*1\"\n\t\t  data-resized=\"{&quot;17965057160388406&quot;:{&quot;id&quot;:&quot;356197707_605024078413910_36854777839049635_n&quot;,&quot;ratio&quot;:&quot;0.80&quot;,&quot;sizes&quot;:{&quot;full&quot;:640,&quot;low&quot;:320,&quot;thumb&quot;:150},&quot;extension&quot;:&quot;.jpg&quot;},&quot;17963835092535775&quot;:{&quot;id&quot;:&quot;350116883_605019215081063_654806442306012453_n&quot;,&quot;ratio&quot;:&quot;0.80&quot;,&quot;sizes&quot;:{&quot;full&quot;:640,&quot;low&quot;:320,&quot;thumb&quot;:150},&quot;extension&quot;:&quot;.jpg&quot;},&quot;18013293976708571&quot;:{&quot;id&quot;:&quot;348325281_604054978510820_674977963228911894_n&quot;,&quot;ratio&quot;:&quot;0.80&quot;,&quot;sizes&quot;:{&quot;full&quot;:640,&quot;low&quot;:320,&quot;thumb&quot;:150},&quot;extension&quot;:&quot;.jpg&quot;},&quot;17906514464730760&quot;:{&quot;id&quot;:&quot;347621213_603538941895757_2571778551144882255_n&quot;,&quot;ratio&quot;:&quot;1.00&quot;,&quot;sizes&quot;:{&quot;full&quot;:640,&quot;low&quot;:320,&quot;thumb&quot;:150},&quot;extension&quot;:&quot;.jpg&quot;},&quot;18010287769780129&quot;:{&quot;id&quot;:&quot;348632323_603429738573344_3442245215190152434_n&quot;,&quot;ratio&quot;:&quot;1.00&quot;,&quot;sizes&quot;:{&quot;full&quot;:640,&quot;low&quot;:320,&quot;thumb&quot;:150},&quot;extension&quot;:&quot;.jpg&quot;},&quot;18010315066778699&quot;:{&quot;id&quot;:&quot;347588466_601068765476108_768596844879606066_n&quot;,&quot;ratio&quot;:&quot;1.00&quot;,&quot;sizes&quot;:{&quot;full&quot;:640,&quot;low&quot;:320,&quot;thumb&quot;:150},&quot;extension&quot;:&quot;.jpg&quot;}}\">\n\t<\/span>\n\t<\/div>\n\n<\/div>\n\t\t\t\t<\/div>\n\t\t\t\t<\/div>\n\t\t\t\t\t\t<\/div>\n\t\t\t\t\t<\/div>\n\t\t<\/div>\n\t\t\t\t\t\t\t\t<\/div>\n\t\t\t\t\t<\/div>\n\t\t<\/section>\n\t\t\t\t\t\t<\/div>\n\t\t\t\t\t\t<\/div>\n\t\t\t\t\t<\/div>\n\t\t","protected":false},"excerpt":{"rendered":"","protected":false},"author":1,"featured_media":0,"parent":0,"menu_order":0,"comment_status":"closed","ping_status":"closed","template":"","meta":{"footnotes":""},"class_list":["post-279","page","type-page","status-publish","hentry"],"_links":{"self":[{"href":"https:\/\/birrayart.com\/index.php\/wp-json\/wp\/v2\/pages\/279","targetHints":{"allow":["GET"]}}],"collection":[{"href":"https:\/\/birrayart.com\/index.php\/wp-json\/wp\/v2\/pages"}],"about":[{"href":"https:\/\/birrayart.com\/index.php\/wp-json\/wp\/v2\/types\/page"}],"author":[{"embeddable":true,"href":"https:\/\/birrayart.com\/index.php\/wp-json\/wp\/v2\/users\/1"}],"replies":[{"embeddable":true,"href":"https:\/\/birrayart.com\/index.php\/wp-json\/wp\/v2\/comments?post=279"}],"version-history":[{"count":18,"href":"https:\/\/birrayart.com\/index.php\/wp-json\/wp\/v2\/pages\/279\/revisions"}],"predecessor-version":[{"id":2586,"href":"https:\/\/birrayart.com\/index.php\/wp-json\/wp\/v2\/pages\/279\/revisions\/2586"}],"wp:attachment":[{"href":"https:\/\/birrayart.com\/index.php\/wp-json\/wp\/v2\/media?parent=279"}],"curies":[{"name":"wp","href":"https:\/\/api.w.org\/{rel}","templated":true}]}}